{"id":3420,"date":"2016-02-10T14:52:40","date_gmt":"2016-02-10T12:52:40","guid":{"rendered":"http:\/\/newsite.trifonov.info\/?page_id=3420"},"modified":"2025-05-27T17:54:15","modified_gmt":"2025-05-27T14:54:15","slug":"contact","status":"publish","type":"page","link":"https:\/\/trifonov.info\/tr\/contact\/","title":{"rendered":"ILETI\u015eIM"},"content":{"rendered":"<p><\/p>\n<h4 style=\"text-align: center;\">Trifonov Hukuk B\u00fcrosu<\/h4>\n<p style=\"text-align: center;\">Telefon: <strong>+359 878952197<\/strong><br \/>\nE-mail: <a href=\"mailto:office@trifonov.info\">office@trifonov.info<\/a><\/p>\n<p style=\"text-align: center;\"><strong>Avukat\u0131n m\u00fcvekkillerle \u00f6zel g\u00f6r\u00fc\u015fmeleri sadece \u00f6nceden yap\u0131lm\u0131\u015f anla\u015fma ile olur<\/strong><\/p>\n<hr \/>\n<div id=\"flexi1\">\n<div>Sofya, 1000<br \/>\n&#8220;Tsar Asen&#8221; sok. No 1<br \/>\n<strong>GPS: <\/strong><br \/>\n42\u00b041&#8217;41.8&#8243;N, 23\u00b019&#8217;10.7&#8243;E<\/div>\n<div style=\"max-width: 400px;\"><iframe loading=\"lazy\" src=\"https:\/\/www.google.com\/maps\/embed?pb=!1m14!1m8!1m3!1d11729.673173354477!2d23.319713!3d42.694863!3m2!1i1024!2i768!4f13.1!3m3!1m2!1s0x40aa856c6f38c14d%3A0x4965a34f8fc74c72!2z0YPQuy4g4oCe0KbQsNGAINCQ0YHQtdC9IEkt0LLQuOKAnCAxLCAxMDAwINCh0L7RhNC40Y8sINCR0YrQu9Cz0LDRgNC40Y8!5e0!3m2!1sbg!2s!4v1420708424519\" width=\"400\" height=\"260\" frameborder=\"0\" marginwidth=\"0\" marginheight=\"0\" scrolling=\"no\"><\/iframe><\/div>\n<\/div>\n<hr \/>\n<div id=\"flexi1\">\n<div>Plovdiv, 4000<br \/>\n&#8220;Mali Bogdan&#8221; sok. No 21<br \/>\n<strong>GPS:<\/strong><br \/>\n42\u00b014&#8217;41.87&#8221; N, 24\u00b075&#8217;88.06&#8221; E<\/div>\n<div style=\"max-width: 4080px;\"><iframe loading=\"lazy\" src=\"https:\/\/maps.google.com\/maps\/ms?hl=en&amp;ie=UTF8&amp;msa=0&amp;msid=102425127913126012991.000482897510b6d00bd70&amp;ll=42.146414,24.755974&amp;spn=0.011137,0.025749&amp;z=12&amp;output=embed\" width=\"400\" height=\"260\" frameborder=\"0\" marginwidth=\"0\" marginheight=\"0\" scrolling=\"no\"><\/iframe><\/div>\n<\/div>\n<hr \/>\n<div id=\"flexi1\">\n<div>Bansko, 2770<br \/>\n&#8220;Vardar&#8221; sok. No 8<br \/>\n<strong>GPS: <\/strong><br \/>\n41\u00b082&#8217;85.01&#8221; N, 23\u00b048&#8217;50.97&#8221; E<\/div>\n<div style=\"max-width: 400px;\"><iframe loading=\"lazy\" src=\"https:\/\/maps.google.com\/maps\/ms?ie=UTF8&amp;hl=en&amp;msa=0&amp;msid=102425127913126012991.00048301a2a7f46a80723&amp;ll=41.830305,23.485508&amp;spn=0.008314,0.013518&amp;z=13&amp;output=embed\" width=\"400\" height=\"260\" frameborder=\"0\" marginwidth=\"0\" marginheight=\"0\" scrolling=\"no\"><\/iframe><\/div>\n<\/div>\n<p>&nbsp;<\/p>","protected":false},"excerpt":{"rendered":"<p>Trifonov Hukuk B\u00fcrosu Telefon: +359 878952197 E-mail: office@trifonov.info Avukat\u0131n m\u00fcvekkillerle \u00f6zel g\u00f6r\u00fc\u015fmeleri sadece \u00f6nceden yap\u0131lm\u0131\u015f anla\u015fma ile olur Sofya, 1000 &#8220;Tsar Asen&#8221; sok. No 1 GPS: 42\u00b041&#8217;41.8&#8243;N, 23\u00b019&#8217;10.7&#8243;E Plovdiv, 4000 &#8220;Mali Bogdan&#8221; sok. No 21 GPS: 42\u00b014&#8217;41.87&#8221; N, 24\u00b075&#8217;88.06&#8221; E Bansko, 2770 &#8220;Vardar&#8221; sok. No 8 GPS: 41\u00b082&#8217;85.01&#8221; N, 23\u00b048&#8217;50.97&#8221; E &nbsp;<\/p>\n","protected":false},"author":4,"featured_media":0,"parent":0,"menu_order":0,"comment_status":"closed","ping_status":"closed","template":"","meta":{"footnotes":""},"class_list":["post-3420","page","type-page","status-publish","hentry"],"_links":{"self":[{"href":"https:\/\/trifonov.info\/tr\/wp-json\/wp\/v2\/pages\/3420","targetHints":{"allow":["GET"]}}],"collection":[{"href":"https:\/\/trifonov.info\/tr\/wp-json\/wp\/v2\/pages"}],"about":[{"href":"https:\/\/trifonov.info\/tr\/wp-json\/wp\/v2\/types\/page"}],"author":[{"embeddable":true,"href":"https:\/\/trifonov.info\/tr\/wp-json\/wp\/v2\/users\/4"}],"replies":[{"embeddable":true,"href":"https:\/\/trifonov.info\/tr\/wp-json\/wp\/v2\/comments?post=3420"}],"version-history":[{"count":39,"href":"https:\/\/trifonov.info\/tr\/wp-json\/wp\/v2\/pages\/3420\/revisions"}],"predecessor-version":[{"id":4435,"href":"https:\/\/trifonov.info\/tr\/wp-json\/wp\/v2\/pages\/3420\/revisions\/4435"}],"wp:attachment":[{"href":"https:\/\/trifonov.info\/tr\/wp-json\/wp\/v2\/media?parent=3420"}],"curies":[{"name":"wp","href":"https:\/\/api.w.org\/{rel}","templated":true}]}}