{"id":3400,"date":"2016-02-10T13:39:05","date_gmt":"2016-02-10T11:39:05","guid":{"rendered":"http:\/\/newsite.trifonov.info\/?page_id=3400"},"modified":"2020-01-30T15:47:22","modified_gmt":"2020-01-30T13:47:22","slug":"business","status":"publish","type":"page","link":"https:\/\/trifonov.info\/tr\/business\/","title":{"rendered":"Abonelik hukuki hizmet (Bulgaristan)"},"content":{"rendered":"<p><\/p>\n<table cellpadding=\"10\" align=\"center\" bgcolor=\"#77AA88\">\n<tbody>\n<tr>\n<td align=\"center\">\n<h3>BULGAR\u0130STANDA \u0130\u015e BA\u015eLATAN M\u00dcVEKK\u0130LLER\u0130M\u0130Z \u0130\u00c7\u0130N \u00d6ZEL TEKL\u0130F\u0130M\u0130Z<\/h3>\n<p>Bir sene i\u00e7in abonelik hukuki hizmetleri s\u00f6zle\u015fmesi imzalamalar\u0131 durumunda,<br \/>\nBulgaristanda \u00fccretsiz limited \u015firket kayd\u0131.<\/td>\n<\/tr>\n<\/tbody>\n<\/table>\n<p>&nbsp;<\/p>\n<p>Trifonov hukuk b\u00fcrosu Sofya, Plovdiv ve Bansko da bulunan ofiisleri sayesinde Bulgaristan s\u0131n\u0131rlar\u0131nda faaliyet g\u00f6steren t\u00fcrk \u015firketlerine hukuki hizmetler sunmaktad\u0131r.<\/p>\n<p>&nbsp;<\/p>\n<h3 class=\"c1\">Bizim \u00fcst\u00fcnl\u00fcklerimizden baz\u0131lar\u0131:<\/h3>\n<ul>\n<li><u>Profesyonellerden olu\u015fan ekip.<\/u> \u00c7e\u015fitli alanlarda uzmanlar\u0131m\u0131z, size her bir durumda en optimal karar\u0131 bulman\u0131z i\u00e7in yard\u0131mc\u0131 olucaklard\u0131r.<\/li>\n<li><u>Giderleri azaltmak.<\/u> B\u00fct\u00fcn ekibimizin ayl\u0131k maa\u015f\u0131, bir i\u015f s\u00f6zle\u015fmesinde olan iyi ve deneyimli hukuk\u00e7unun maa\u015f\u0131 ve sigorta giderlerinden daha azd\u0131r.<\/li>\n<li><u>H\u0131zl\u0131 reaksyon.<\/u> Devaml\u0131 hukuki yard\u0131m ve gerekti\u011finde yank\u0131.<\/li>\n<li><u>Sakinlik.<\/u> Biz sizin sorunlar\u0131n\u0131z i\u00e7in kayg\u0131 g\u00f6stermekteyiz ve size gereken sa\u011fkinli\u011fi sa\u011flamak i\u00e7in u\u011fra\u015f\u0131yoruz, \u00e7\u00fcnk\u00fc bu size kendi i\u015finizin refahl\u0131\u011f\u0131 ve geli\u015fimi i\u00e7in konsantre olma imkan\u0131n\u0131 sa\u011fl\u0131ycakt\u0131r.<\/li>\n<li><u>\u0130tibar.<\/u> Biz sizin kurumsal avukatlar\u0131n\u0131z\u0131s. Sorunlar\u0131n\u0131z var ise, sadece onlara bizimle ba\u011flanmalar\u0131n\u0131 iletin.<\/li>\n<\/ul>\n<p>&nbsp;<\/p>\n<h3 class=\"c1\">\u00d6rnek kurumsal hizmetler:<\/h3>\n<ul>\n<li>Sizin Bulgaristandaki i\u015flerinizle ilgili olan kanuni de\u011fi\u015fiklikleri izlemek.<\/li>\n<li>Sizin i\u015f partnerlerinizi devaml\u0131 olarak \u015firket ad\u0131na m\u00fc\u015fahede etmek.<\/li>\n<li>Muhtemelen gelecekte i\u015f partnerleriniz olabilecek ki\u015fileri \u015firket ad\u0131na ara\u015ft\u0131rmak.<\/li>\n<li>Ticari muameler hakk\u0131nda dan\u0131\u015fmanl\u0131k ve \u00f6nceden verilmi\u015f \u00f6nleyici m\u00fcdafaa.<\/li>\n<li>M\u00fczakerelere \u015firket ad\u0131na kat\u0131lmak ve tart\u0131\u015fmalar\u0131 mahkeme d\u0131\u015f\u0131 yollardan halletmek.<\/li>\n<li>Vergi dan\u0131\u015fmanl\u0131\u011f\u0131 ve giderlerinizi azaltmak i\u00e7in \u00e7al\u0131\u015fmalar.<\/li>\n<li>\u00c7al\u0131\u015fanlarla ilgili i\u015f- hukuki dan\u0131\u015fmanl\u0131\u011f\u0131 ve yard\u0131m.<\/li>\n<li>\u0130dari kurumlar nezlinde temsilcilik.<\/li>\n<li>\u015eirketin menfaatlerini mahkeme \u00f6n\u00fcnde savunmak.<\/li>\n<\/ul>\n<p>&nbsp;<\/p>\n<h3 class=\"c1\">Ayl\u0131k abonelik \u00fccreti:<\/h3>\n<p>Ayl\u0131k abonelik \u00fccreti gerek duydu\u011funuz hizmetlerin b\u00fcy\u00fckl\u00fc\u011f\u00fcnden belirlenir. Her ayr\u0131 m\u00fcvekkil i\u00e7in abonelik hizmetlerimizden faydalanabilmesi i\u00e7in, m\u00fcvekkilin gerek duydu\u011fu ve faydalanmak istedi\u011fi hizmetlere g\u00f6re, \u00f6zel optimal teklifte bulunuyoruz.<\/p>\n<p><a href=\"https:\/\/trifonov.info\/wp-content\/uploads\/2016\/02\/APO-TR.pdf\" target=\"_blank\" rel=\"noopener noreferrer\"><img loading=\"lazy\" decoding=\"async\" class=\"aligncenter wp-image-3411 size-full\" src=\"https:\/\/trifonov.info\/wp-content\/uploads\/2016\/02\/download-pdf-icon.png\" alt=\"download-pdf-icon\" width=\"160\" height=\"40\" title=\"\"><\/a><\/p>","protected":false},"excerpt":{"rendered":"<p>BULGAR\u0130STANDA \u0130\u015e BA\u015eLATAN M\u00dcVEKK\u0130LLER\u0130M\u0130Z \u0130\u00c7\u0130N \u00d6ZEL TEKL\u0130F\u0130M\u0130Z Bir sene i\u00e7in abonelik hukuki hizmetleri s\u00f6zle\u015fmesi imzalamalar\u0131 durumunda, Bulgaristanda \u00fccretsiz limited \u015firket kayd\u0131. &nbsp; Trifonov hukuk b\u00fcrosu Sofya, Plovdiv ve Bansko da bulunan ofiisleri sayesinde Bulgaristan s\u0131n\u0131rlar\u0131nda faaliyet g\u00f6steren t\u00fcrk \u015firketlerine hukuki hizmetler sunmaktad\u0131r. &nbsp; Bizim \u00fcst\u00fcnl\u00fcklerimizden baz\u0131lar\u0131: Profesyonellerden olu\u015fan ekip. \u00c7e\u015fitli alanlarda uzmanlar\u0131m\u0131z, size her bir [&hellip;]<\/p>\n","protected":false},"author":4,"featured_media":0,"parent":0,"menu_order":0,"comment_status":"closed","ping_status":"closed","template":"","meta":{"footnotes":""},"class_list":["post-3400","page","type-page","status-publish","hentry"],"_links":{"self":[{"href":"https:\/\/trifonov.info\/tr\/wp-json\/wp\/v2\/pages\/3400","targetHints":{"allow":["GET"]}}],"collection":[{"href":"https:\/\/trifonov.info\/tr\/wp-json\/wp\/v2\/pages"}],"about":[{"href":"https:\/\/trifonov.info\/tr\/wp-json\/wp\/v2\/types\/page"}],"author":[{"embeddable":true,"href":"https:\/\/trifonov.info\/tr\/wp-json\/wp\/v2\/users\/4"}],"replies":[{"embeddable":true,"href":"https:\/\/trifonov.info\/tr\/wp-json\/wp\/v2\/comments?post=3400"}],"version-history":[{"count":40,"href":"https:\/\/trifonov.info\/tr\/wp-json\/wp\/v2\/pages\/3400\/revisions"}],"predecessor-version":[{"id":4192,"href":"https:\/\/trifonov.info\/tr\/wp-json\/wp\/v2\/pages\/3400\/revisions\/4192"}],"wp:attachment":[{"href":"https:\/\/trifonov.info\/tr\/wp-json\/wp\/v2\/media?parent=3400"}],"curies":[{"name":"wp","href":"https:\/\/api.w.org\/{rel}","templated":true}]}}