{"id":3324,"date":"2025-02-03T10:51:01","date_gmt":"2025-02-03T08:51:01","guid":{"rendered":"http:\/\/africaconsult.net\/test1\/?page_id=3324"},"modified":"2025-02-03T13:45:00","modified_gmt":"2025-02-03T11:45:00","slug":"services","status":"publish","type":"page","link":"https:\/\/trifonov.info\/tr\/services\/","title":{"rendered":"FAALIYET ALANLARIMIZ"},"content":{"rendered":"<p><\/p>\n<p style=\"text-align: center;\">\u00d6zellikle t\u00fcrk uyruklu m\u00fcvekiller i\u00e7in hukuk b\u00fcromuzda, t\u00fcrk\u00e7e dilinde terc\u00fcmesiyle beraber \u00f6zellikle, \u00e7al\u0131\u015ft\u0131\u011fm\u0131z alanlar vard\u0131r:<\/p>\n<ul>\n<li class=\"toclevel-1 tocsection-1\" style=\"text-align: left; padding-top: 14px;\">\n<h6><a href=\"#Bulgaristanda\u015firketkurmak\"><span class=\"toctext\">Bulgaristanda \u0130\u015f Kurma<\/span><\/a><\/h6>\n<\/li>\n<li class=\"toclevel-1 tocsection-2\" style=\"text-align: left;\">\n<h6><a href=\"#Vatanda\u015fl\u0131k\"><span class=\"toctext\">Vatanda\u015fl\u0131k<\/span><\/a><\/h6>\n<\/li>\n<li class=\"toclevel-1 tocsection-3\" style=\"text-align: left; padding-bottom: 14px;\">\n<h6><a href=\"#Ceza\"><span class=\"toctext\">Ceza hukuku<\/span><\/a><\/h6>\n<\/li>\n<li class=\"toclevel-1 tocsection-4\" style=\"text-align: left;\">\n<h6><a href=\"#Gayrimenkul\"><span class=\"toctext\">Gayrimenkul ve E\u015fya Hukuku<\/span><\/a><\/h6>\n<\/li>\n<li class=\"toclevel-1 tocsection-5\" style=\"text-align: left;\">\n<h6><a href=\"#Aile\"><span class=\"toctext\">Aile Hukuku<\/span><\/a><\/h6>\n<\/li>\n<li class=\"toclevel-1 tocsection-6\" style=\"text-align: left;\">\n<h6><span class=\"toctext\"><a href=\"#Icra\">Icra ve Iflas Hukuku<\/a><\/span><\/h6>\n<\/li>\n<\/ul>\n<p>&nbsp;<\/p>\n<h1 class=\"c1\" style=\"text-align: center;\"><a name=\"Bulgaristanda\u015firketkurmak\"><\/a><strong>Bulgaristanda i\u015f kurma \/ \u015eirket, i\u015f ve ticaret hukuku<\/strong><\/h1>\n<ul>\n<li>Bulgaristanda i\u015f kurmak \/ Bulgaristanda firma kurmak<\/li>\n<li>\u015firket kurumu ve kay\u0131tlamas\u0131nda, hert\u00fcrl\u00fc s\u00f6zle\u015fmelerin akdetmesinde yard\u0131mc\u0131l\u0131k<\/li>\n<li>t\u00fczel ki\u015filer ve \u015firket kurulu\u015fu, tasfiyesi, hisse devri, birle\u015fme ve devralmas\u0131; ortak giri\u015fim \u015firketleri kurulu\u015fu ve her t\u00fcrl\u00fc \u015firketlere ili\u015fkin di\u011fer yasal ve idari y\u00fck\u00fcml\u00fcl\u00fcklerin yerine getirilmesi<\/li>\n<li>ticaret sicilinde \u015firket kaydetmek<\/li>\n<li>banka kredisi almas\u0131 ve ba\u015fvurusu i\u00e7in arac\u0131l\u0131k<\/li>\n<li>faaliyette bulunan bir i\u015f yerinin (oteller, restoranlar, fabrikalar v.s.) al\u0131m\u0131nda i\u015f hukuku avukat\u0131ndan yard\u0131m<\/li>\n<li>t\u00fcrl\u00fc lisans, ruhsat ve s\u0131n\u0131fland\u0131rma rejimlerinde yard\u0131mc\u0131l\u0131k<\/li>\n<\/ul>\n<p>&nbsp;<\/p>\n<h1 class=\"c1\" style=\"text-align: center;\"><a name=\"Vatanda\u015fl\u0131k\"><\/a><strong>Vatanda\u015fl\u0131k alma ve devaml\u0131 olarak oturma izni alma prosed\u00fcr\u00fc<\/strong><\/h1>\n<ul>\n<li>Bulgaristan vatanda\u015fl\u0131\u011f\u0131 konusu Bulgaristan\u0131n Avrupa Birli\u011fine kat\u0131lmas\u0131yla akt\u00fcel olmu\u015ftur ve bu prosed\u00fcr\u00fcn ba\u015far\u0131l\u0131 uygulanmas\u0131 sonucunda t\u00fcm bulgar vatanda\u015fl\u0131\u011f\u0131 alan yabanc\u0131 uyruklu ki\u015filere Avrupa Birli\u011fine \u00fcye olan t\u00fcm \u00fclkelere serbest giri\u015f ve \u00e7\u0131k\u0131\u015f sa\u011flar ve AB vatanda\u015flar\u0131n\u0131n bir \u00e7ok sahib oldu\u011fu haklara sahib olmalar\u0131n\u0131 sa\u011flar<\/li>\n<\/ul>\n<p>&nbsp;<\/p>\n<h1 class=\"c1\" style=\"text-align: center;\"><a name=\"Ceza\"><\/a><strong>Ceza hukuku<\/strong><\/h1>\n<ul>\n<li>ceza davalar\u0131nda Bulgaristan&#8217;da bulunan t\u00fcm mahkemelerin \u00f6n\u00fcnde temsilcilik<\/li>\n<li>su\u00e7 ma\u011fdurlar\u0131na yard\u0131m- Polislere, Savc\u0131l\u0131\u011fa ve di\u011fer makamlara \u015fikayetname haz\u0131rlamak ve yollamak<\/li>\n<li>ceza mahkemesi s\u00fcrecinde su\u00e7 madurlar\u0131 ad\u0131ndan maddi tazminat i\u00e7in sivil talepler arzetmek<\/li>\n<li>\u00e7e\u015fitli su\u00e7lamalarda savunmak &#8211; ki\u015filiye kar\u015f\u0131 i\u015flenmi\u015f su\u00e7lamalarda, uyu\u015fturucu ve pornografiyle ilgili su\u00e7lamalarda, ula\u015f\u0131m ile ilgili su\u00e7lamalarda, sahiblik haklar\u0131n\u0131n kanuna ayk\u0131r\u0131 kullan\u0131m\u0131yla ilgili su\u00e7lamalarda (h\u0131rs\u0131zl\u0131k)<\/li>\n<\/ul>\n<p>&nbsp;<\/p>\n<h1 class=\"c1\" style=\"text-align: center;\"><a name=\"Gayrimenkul\"><\/a><strong>Gayrimenkul ve E\u015fya Hukuku<\/strong><\/h1>\n<ul>\n<li>ta\u015f\u0131nmaz m\u00fclkiyetlerin devrimiyle ilgili olan t\u00fcm i\u015flemlerde arac\u0131l\u0131k<\/li>\n<li>ta\u015f\u0131nmaz m\u00fclkiyetlerin sat\u0131n almas\u0131, vermesi ve kiralanmas\u0131yla ilgili olan t\u00fcm belgeler ve s\u00f6zle\u015fmelerin haz\u0131rlamas\u0131 ve m\u00fcmk\u00fcn olan en uygun \u015fartlar\u0131ndan faydalanmas\u0131n\u0131 sa\u011flamak<\/li>\n<li>ta\u015f\u0131nmaz m\u00fclkiyetin y\u00f6netimiyle ilgili vergi dan\u0131\u015fmanl\u0131\u011f\u0131<\/li>\n<li>tapu i\u015flemlerinde hukuki yard\u0131m<\/li>\n<li>ta\u015f\u0131nmaz m\u00fclkiyet haklar\u0131n\u0131n korunmas\u0131<\/li>\n<li>b\u00fcromuz uluslararas\u0131 hukuk alan\u0131nda da \u00e7al\u0131\u015fmakta ve yabanc\u0131 sermayeli pek \u00e7ok \u015firkete ve yabanc\u0131 \u015fah\u0131slara da hukuksal dan\u0131\u015fmanl\u0131k hizmeti vermektedir<\/li>\n<\/ul>\n<p>&nbsp;<\/p>\n<h1 class=\"c1\" style=\"text-align: center;\"><a name=\"Aile\"><\/a><strong>Aile Hukuku<\/strong><\/h1>\n<ul>\n<li>bo\u015fanma davalar\u0131<\/li>\n<li>hert\u00fcrl\u00fc evlilik talepleri- velayet, nafaka v.s.<\/li>\n<li>evlilik s\u00fcrecinde kazan\u0131lan m\u00fclkiyetten daha b\u00fcy\u00fck pay alma talebnameleri arzetmek<\/li>\n<li>e\u015fin veya \u00e7ocuklar\u0131n nafakas\u0131<\/li>\n<\/ul>\n<p>&nbsp;<\/p>\n<h1 class=\"c1\" style=\"text-align: center;\"><a name=\"Icra\"><\/a><strong>Icra ve Iflas Hukuku<\/strong><\/h1>\n<ul>\n<li>icra yarg\u0131c\u0131ndan alacaklar\u0131 toplamak<\/li>\n<li>alacaklar\u0131 hacizile veya ba\u015fka bir \u015fekilde temit etmek<\/li>\n<li>alacakl\u0131 olan\u0131n alaca\u011f\u0131n\u0131 tatmin etmesine yariycak olan gayrimenkullerle ilgili kamula\u015ft\u0131r\u0131c\u0131 ticaret muamelerini bozmak, e\u011fer ki bu alacakl\u0131n\u0131n tatmin edilmemesi i\u00e7in bir engel gibi yarat\u0131l\u0131yorsa, mesela t\u00fcm m\u00fclkiyetin fictiv sat\u0131\u015f\u0131<\/li>\n<li>icra prosed\u00fcr\u00fcn\u00fcn durdurulmas\u0131 ve kesilmesi<\/li>\n<li>icra ile aranan tutar\u0131n bor\u00e7 olmad\u0131\u011fn\u0131 kan\u0131tlayan tesbit talebnamesi haz\u0131rlamak<\/li>\n<\/ul>\n<p><\/p>","protected":false},"excerpt":{"rendered":"<p>\u00d6zellikle t\u00fcrk uyruklu m\u00fcvekiller i\u00e7in hukuk b\u00fcromuzda, t\u00fcrk\u00e7e dilinde terc\u00fcmesiyle beraber \u00f6zellikle, \u00e7al\u0131\u015ft\u0131\u011fm\u0131z alanlar vard\u0131r: Bulgaristanda \u0130\u015f Kurma Vatanda\u015fl\u0131k Ceza hukuku Gayrimenkul ve E\u015fya Hukuku Aile Hukuku Icra ve Iflas Hukuku &nbsp; Bulgaristanda i\u015f kurma \/ \u015eirket, i\u015f ve ticaret hukuku Bulgaristanda i\u015f kurmak \/ Bulgaristanda firma kurmak \u015firket kurumu ve kay\u0131tlamas\u0131nda, hert\u00fcrl\u00fc s\u00f6zle\u015fmelerin akdetmesinde [&hellip;]<\/p>\n","protected":false},"author":4,"featured_media":0,"parent":0,"menu_order":0,"comment_status":"closed","ping_status":"closed","template":"","meta":{"footnotes":""},"class_list":["post-3324","page","type-page","status-publish","hentry"],"_links":{"self":[{"href":"https:\/\/trifonov.info\/tr\/wp-json\/wp\/v2\/pages\/3324","targetHints":{"allow":["GET"]}}],"collection":[{"href":"https:\/\/trifonov.info\/tr\/wp-json\/wp\/v2\/pages"}],"about":[{"href":"https:\/\/trifonov.info\/tr\/wp-json\/wp\/v2\/types\/page"}],"author":[{"embeddable":true,"href":"https:\/\/trifonov.info\/tr\/wp-json\/wp\/v2\/users\/4"}],"replies":[{"embeddable":true,"href":"https:\/\/trifonov.info\/tr\/wp-json\/wp\/v2\/comments?post=3324"}],"version-history":[{"count":98,"href":"https:\/\/trifonov.info\/tr\/wp-json\/wp\/v2\/pages\/3324\/revisions"}],"predecessor-version":[{"id":4416,"href":"https:\/\/trifonov.info\/tr\/wp-json\/wp\/v2\/pages\/3324\/revisions\/4416"}],"wp:attachment":[{"href":"https:\/\/trifonov.info\/tr\/wp-json\/wp\/v2\/media?parent=3324"}],"curies":[{"name":"wp","href":"https:\/\/api.w.org\/{rel}","templated":true}]}}