{"id":3322,"date":"2016-01-27T10:50:47","date_gmt":"2016-01-27T10:50:47","guid":{"rendered":"http:\/\/africaconsult.net\/test1\/?page_id=3322"},"modified":"2022-01-12T16:54:44","modified_gmt":"2022-01-12T14:54:44","slug":"about","status":"publish","type":"page","link":"https:\/\/trifonov.info\/tr\/about\/","title":{"rendered":"HAKKIMIZDA"},"content":{"rendered":"<p><\/p>\n<p>Hukuk b\u00fcromuzun idare merkezi Plovdiv \u015fehrinde, Bulgaristan\u0131n Merkez K\u0131sm\u0131nda bulunmakta ve ba\u015fkent Sofyaya 150 km mesafede bulunmaktad\u0131r, Bulgaristan Karadeniz k\u0131y\u0131s\u0131 ve Bansko ve Pamporovo gibi uluslararas\u0131 da\u011f turistik merkezlerinin tam ortas\u0131ndad\u0131r. Bu da t\u00fcm \u00fclkede problemsiz faaliyet etmeyi sa\u011flar. Plovdiv ikinci b\u00fcy\u00fck \u015fehirdir ve Bularistan ve T\u00fcrkiye aras\u0131nda \u00f6nemli ticaret, ekonomik, nakliyat ve k\u00fclt\u00fcr merkezidir. T\u00fcrkiye Cumhuriyetinin Ba\u015f Konsoloslu\u011fu\u2019da Plovdiv\u2019te bulunmaktad\u0131r. Her sene iki defa Plovdivte d\u00fczenlenen Plovdiv Uluslararas\u0131 Fuar\u0131, senenin en \u00f6nemli ekonomik olay\u0131na d\u00f6n\u00fc\u015f\u00fcr.<\/p>\n<p>&nbsp;<\/p>\n<p>Trifonov Hukuk B\u00fcrosunun temel kurucusu ve avukat ekibinin y\u00f6neticisi avukat Emil Trifonov Plovdiv Yabanc\u0131 Diller Lisesi mezunudur ve e\u011fitimini Plovdiv \u00dcn\u00fcversitesi Hukuk Fak\u00fcltesin\u2019de bitirmektedir. Avukat Emil Trifonov 2003 senesinde Plovdiv Barolar Birli\u011fine \u00fcye olduktan sonra avukatl\u0131k prati\u011fine ba\u015far\u0131yla ba\u015flar. 2005 senesinde kendi ekibini kurup kendi b\u00fcrosunu kurar.<\/p>\n<p>&nbsp;<\/p>\n<p>B\u00fcromuz \u00f6zellikle vatanda\u015fl\u0131k alma prosed\u00fcr\u00fcnde, Bulgaristanda \u015firket kurumu ve kay\u0131tlamas\u0131nda, gayrimenkullerle ilgili i\u015flemlerde temsilcilik sunmaktad\u0131r.<\/p>\n<p>&nbsp;<\/p>\n<p>Avukat Emil Trifonov ve ekibi yabanc\u0131 uyruklu vatnda\u015flara Bulgaristan\u2019da ceza davalar\u0131nda ve her t\u00fcrl\u00fc mahkemelerin \u00f6n\u00fcnde temsilcilik teklif etmektedir.&nbsp;<\/p>\n<p>Hukuk b\u00fcromuzun idare merkezi Plovdiv \u015fehrinde, Bulgaristan\u0131n Merkez K\u0131sm\u0131nda bulunmakta ve ba\u015fkent Sofyaya 150 km mesafede bulunmaktad\u0131r, Bulgaristan Karadeniz k\u0131y\u0131s\u0131 ve Bansko ve Pamporovo gibi uluslararas\u0131 da\u011f turistik merkezlerinin tam ortas\u0131ndad\u0131r. Bu da t\u00fcm \u00fclkede problemsiz faaliyet etmeyi sa\u011flar. Plovdiv ikinci b\u00fcy\u00fck \u015fehirdir ve Bularistan ve T\u00fcrkiye aras\u0131nda \u00f6nemli ticaret, ekonomik, nakliyat ve k\u00fclt\u00fcr merkezidir. T\u00fcrkiye Cumhuriyetinin Ba\u015f Konsoloslu\u011fu\u2019da Plovdiv\u2019te bulunmaktad\u0131r. Her sene iki defa Plovdivte d\u00fczenlenen Plovdiv Uluslararas\u0131 Fuar\u0131, senenin en \u00f6nemli ekonomik olay\u0131na d\u00f6n\u00fc\u015f\u00fcr.<\/p>\n<p>&nbsp;<\/p>\n<p>Trifonov Hukuk B\u00fcrosunun temel kurucusu ve avukat ekibinin y\u00f6neticisi avukat Emil Trifonov Plovdiv Yabanc\u0131 Diller Lisesi mezunudur ve e\u011fitimini Plovdiv \u00dcn\u00fcversitesi Hukuk Fak\u00fcltesin\u2019de bitirmektedir. Avukat Emil Trifonov 2003 senesinde Plovdiv Barolar Birli\u011fine \u00fcye olduktan sonra avukatl\u0131k prati\u011fine ba\u015far\u0131yla ba\u015flar. 2005 senesinde kendi ekibini kurup kendi b\u00fcrosunu kurar.<\/p>\n<p>&nbsp;<\/p>\n<p>B\u00fcromuz \u00f6zellikle vatanda\u015fl\u0131k alma prosed\u00fcr\u00fcnde, Bulgaristanda \u015firket kurumu ve kay\u0131tlamas\u0131nda, gayrimenkullerle ilgili i\u015flemlerde temsilcilik sunmaktad\u0131r.<\/p>\n<p>&nbsp;<\/p>\n<p>Avukat Emil Trifonov ve ekibi yabanc\u0131 uyruklu vatnda\u015flara Bulgaristan\u2019da ceza davalar\u0131nda ve her t\u00fcrl\u00fc mahkemelerin \u00f6n\u00fcnde temsilcilik teklif etmektedir.<\/p>","protected":false},"excerpt":{"rendered":"<p>Hukuk b\u00fcromuzun idare merkezi Plovdiv \u015fehrinde, Bulgaristan\u0131n Merkez K\u0131sm\u0131nda bulunmakta ve ba\u015fkent Sofyaya 150 km mesafede bulunmaktad\u0131r, Bulgaristan Karadeniz k\u0131y\u0131s\u0131 ve Bansko ve Pamporovo gibi uluslararas\u0131 da\u011f turistik merkezlerinin tam ortas\u0131ndad\u0131r. Bu da t\u00fcm \u00fclkede problemsiz faaliyet etmeyi sa\u011flar. Plovdiv ikinci b\u00fcy\u00fck \u015fehirdir ve Bularistan ve T\u00fcrkiye aras\u0131nda \u00f6nemli ticaret, ekonomik, nakliyat ve k\u00fclt\u00fcr merkezidir. [&hellip;]<\/p>\n","protected":false},"author":4,"featured_media":0,"parent":0,"menu_order":0,"comment_status":"closed","ping_status":"closed","template":"","meta":{"footnotes":""},"class_list":["post-3322","page","type-page","status-publish","hentry"],"_links":{"self":[{"href":"https:\/\/trifonov.info\/tr\/wp-json\/wp\/v2\/pages\/3322","targetHints":{"allow":["GET"]}}],"collection":[{"href":"https:\/\/trifonov.info\/tr\/wp-json\/wp\/v2\/pages"}],"about":[{"href":"https:\/\/trifonov.info\/tr\/wp-json\/wp\/v2\/types\/page"}],"author":[{"embeddable":true,"href":"https:\/\/trifonov.info\/tr\/wp-json\/wp\/v2\/users\/4"}],"replies":[{"embeddable":true,"href":"https:\/\/trifonov.info\/tr\/wp-json\/wp\/v2\/comments?post=3322"}],"version-history":[{"count":11,"href":"https:\/\/trifonov.info\/tr\/wp-json\/wp\/v2\/pages\/3322\/revisions"}],"predecessor-version":[{"id":4370,"href":"https:\/\/trifonov.info\/tr\/wp-json\/wp\/v2\/pages\/3322\/revisions\/4370"}],"wp:attachment":[{"href":"https:\/\/trifonov.info\/tr\/wp-json\/wp\/v2\/media?parent=3322"}],"curies":[{"name":"wp","href":"https:\/\/api.w.org\/{rel}","templated":true}]}}