{"id":3320,"date":"2025-02-03T09:00:53","date_gmt":"2025-02-03T07:00:53","guid":{"rendered":"http:\/\/africaconsult.net\/test1\/?page_id=3320"},"modified":"2025-02-03T13:22:40","modified_gmt":"2025-02-03T11:22:40","slug":"%d0%b0%d0%b4%d0%b2%d0%be%d0%ba%d0%b0%d1%82%d0%b8-%d0%b2-%d1%81%d0%be%d1%84%d0%b8%d1%8f-%d0%b8-%d0%bf%d0%bb%d0%be%d0%b2%d0%b4%d0%b8%d0%b2-%d0%b0%d0%b4%d0%b2%d0%be%d0%ba%d0%b0%d1%82%d1%81%d0%ba%d0%b0","status":"publish","type":"page","link":"https:\/\/trifonov.info\/tr\/","title":{"rendered":"Bulgaristan avukat &#8211; Trifonov Hukuk B\u00fcrosu"},"content":{"rendered":"<p><\/p>\n<p style=\"text-align: center;\"><span style=\"color: yellow;\">Bulgaristanda yat\u0131r\u0131m yapt\u0131\u011f\u0131n\u0131zda siz riske giriyorsunuz. Riske girmek istemedi\u011fi zamanlarda, insan kendisini g\u00fcvence alt\u0131na al\u0131r.<\/span><\/p>\n<h1 style=\"text-align: center;\"><span style=\"color: yellow;\">Biz sizin g\u00fcvenceniz olabiliriz, herhangi birisi, nekadar da d\u00fcr\u00fcst ve \u015ferefli de g\u00f6z\u00fckse bile, sizi aldatmiyca\u011f\u0131ndan emin olabilirsiniz. Bizi \u015fimdi aray\u0131n &#8211; s\u00f6zle\u015fme imzalamadan \u00f6nce, veya para havalesi ger\u00e7ekle\u015ftirmeden \u00f6nce &#8211; ondan sonras\u0131 d\u00fczeltilmez ge\u00e7 zaman olabilir.<\/span><\/h1>\n<p style=\"text-align: center;\"><span style=\"color: yellow;\">Daha fazla bilgi ve yaz\u0131lmak i\u00e7in: office@trifonov.info ve +359-878952197<\/span><\/p>\n<p>&nbsp;<\/p>\n<p>Hukuk b\u00fcromuzun haz\u0131rlam\u0131\u015f oldu\u011fu sitemizi ziyaret etti\u011finiz i\u00e7in te\u015fek\u00fcr ederiz! Internet sitemizde hukuk b\u00fcromuz hakk\u0131nda bilgiler ve Bulgaristan kanunlar\u0131yla ilgili olan bilgiler bulabilirsiniz.<\/p>\n<p>&nbsp;<\/p>\n<p>Trifonov Hukuk B\u00fcrosu avukat Emil Trifonov taraf\u0131ndan 2005 senesinde kurulmu\u015ftur ve ozamandan beri Bulgaristan Avukatl\u0131k Kanununun emirnamelerine g\u00f6re \u00fclkenin t\u00fcm b\u00f6lgelerinde faaliyet g\u00f6stermektedir. Biz T\u00fcrkiyedeki bir \u00e7ok hukuk b\u00fcrosu ve ba\u015fka partnerlerle k\u0131sa mesafeli i\u015fbirli\u011fi halinde \u00e7al\u0131\u015fmaktay\u0131z. Onlarla uluslararas\u0131 i\u015fbirli\u011fi s\u00f6zle\u015fmelerince ba\u015far\u0131l\u0131 uzun vadeli ba\u011flant\u0131lar kurduk ve partner a\u011f\u0131m\u0131z\u0131 b\u00fcy\u00fctmeye devam ediyoruz.<\/p>\n<p>&nbsp;<\/p>\n<p>Trifonov Hukuk B\u00fcrosu yerli veya yabanc\u0131, ger\u00e7ek veya t\u00fczel ki\u015filere, ku\u00e7uk ve orta biznes yapmakta olan ki\u015filere hukuki dan\u0131\u015fmanl\u0131k ve avukatl\u0131k hizmeti vermektedir.<\/p>\n<p>&nbsp;<\/p>\n<p>Bizim i\u00e7in d\u00fcr\u00fcstl\u00fck, m\u00fcvekkille ilgi, m\u00fcvekkilin profesyonelce bir hizmetten kaynaklanm\u0131\u015f olan memnuniyeti ve m\u00fcvekkillerimizin t\u00fcm haklar\u0131n\u0131 en iyi bir \u015fekilde savunmak en \u00f6nemli hedefimizdir. M\u00fcvekkillerle ki\u015fisel ileti\u015fime \u00f6nem vermekteyiz ve m\u00fc\u015fterilerimizle uzun vaadeli ba\u011flant\u0131lar kurmak ve birlikte uzun vaadeli \u00e7al\u0131\u015fmak di\u011fer \u00f6nemli hedefimizdir ve \u015fu anda \u00e7al\u0131\u015fan m\u00fcvekkillerimizin buyuk bir k\u0131sm\u0131 bizimle tavsiye dolay\u0131s\u0131yla \u00e7al\u0131\u015fmaktad\u0131r. Corporate INTL Magazinin 2012 senesi i\u00e7in yapt\u0131\u011f\u0131 de\u011ferlendirmeye g\u00f6re, Trifonov Hukuk B\u00fcrosu Bulgaristanda &#8220;\u0130\u015f ba\u015flatmak&#8221; kategorisinde y\u0131l\u0131n hukuk b\u00fcrosu se\u00e7ildi.<\/p>","protected":false},"excerpt":{"rendered":"<p>Bulgaristanda yat\u0131r\u0131m yapt\u0131\u011f\u0131n\u0131zda siz riske giriyorsunuz. Riske girmek istemedi\u011fi zamanlarda, insan kendisini g\u00fcvence alt\u0131na al\u0131r. Biz sizin g\u00fcvenceniz olabiliriz, herhangi birisi, nekadar da d\u00fcr\u00fcst ve \u015ferefli de g\u00f6z\u00fckse bile, sizi aldatmiyca\u011f\u0131ndan emin olabilirsiniz. Bizi \u015fimdi aray\u0131n &#8211; s\u00f6zle\u015fme imzalamadan \u00f6nce, veya para havalesi ger\u00e7ekle\u015ftirmeden \u00f6nce &#8211; ondan sonras\u0131 d\u00fczeltilmez ge\u00e7 zaman olabilir. Daha fazla bilgi [&hellip;]<\/p>\n","protected":false},"author":4,"featured_media":0,"parent":0,"menu_order":0,"comment_status":"closed","ping_status":"closed","template":"","meta":{"footnotes":""},"class_list":["post-3320","page","type-page","status-publish","hentry"],"_links":{"self":[{"href":"https:\/\/trifonov.info\/tr\/wp-json\/wp\/v2\/pages\/3320","targetHints":{"allow":["GET"]}}],"collection":[{"href":"https:\/\/trifonov.info\/tr\/wp-json\/wp\/v2\/pages"}],"about":[{"href":"https:\/\/trifonov.info\/tr\/wp-json\/wp\/v2\/types\/page"}],"author":[{"embeddable":true,"href":"https:\/\/trifonov.info\/tr\/wp-json\/wp\/v2\/users\/4"}],"replies":[{"embeddable":true,"href":"https:\/\/trifonov.info\/tr\/wp-json\/wp\/v2\/comments?post=3320"}],"version-history":[{"count":28,"href":"https:\/\/trifonov.info\/tr\/wp-json\/wp\/v2\/pages\/3320\/revisions"}],"predecessor-version":[{"id":4415,"href":"https:\/\/trifonov.info\/tr\/wp-json\/wp\/v2\/pages\/3320\/revisions\/4415"}],"wp:attachment":[{"href":"https:\/\/trifonov.info\/tr\/wp-json\/wp\/v2\/media?parent=3320"}],"curies":[{"name":"wp","href":"https:\/\/api.w.org\/{rel}","templated":true}]}}